{"id":3,"date":"2023-02-06T09:42:13","date_gmt":"2023-02-06T09:42:13","guid":{"rendered":"https:\/\/elitest.vn\/?page_id=3"},"modified":"2025-09-27T14:32:12","modified_gmt":"2025-09-27T07:32:12","slug":"about-us","status":"publish","type":"page","link":"https:\/\/elitest.vn\/?page_id=3","title":{"rendered":"About"},"content":{"rendered":"\n<h2 class=\"wp-block-heading\">\u0110\u00f4i l\u1eddi gi\u1edbi thi\u1ec7u<\/h2>\n\n\n\n<p>Xin ch\u00e0o t\u1ea5t c\u1ea3 m\u1ecdi ng\u01b0\u1eddi! M\u00ecnh l\u00e0 Linh Nguy\u1ec5n. Hi\u1ec7n \u0111ang l\u00e0m vi\u1ec7c t\u1ea1i H\u00e0 N\u1ed9i. <\/p>\n\n\n\n<p>M\u00ecnh b\u00e9n duy\u00ean v\u1edbi ngh\u1ec1 test m\u1ed9t c\u00e1ch kh\u00e1 t\u00ecnh c\u1edd, v\u00e0o \u0111\u1ea7u nh\u1eefng n\u0103m 2014, giai \u0111o\u1ea1n \u0111\u00f3 m\u00ecnh \u0111ang \u0111i t\u00ecm ch\u1ed7 th\u1ef1c t\u1eadp cho sinh vi\u00ean n\u0103m cu\u1ed1i. Gi\u1ed1ng nh\u01b0 nh\u1eefng fresher kh\u00e1c, m\u1ecdi th\u1ee9 kh\u00f4ng h\u1ec1 su\u00f4n s\u1ebb, sau h\u00e0ng lo\u1ea1t l\u1eddi t\u1eeb ch\u1ed1i v\u1edbi c\u00e1c v\u1ecb tr\u00ed th\u1ef1c t\u1eadp coding ho\u1eb7c networking, m\u00ecnh v\u00f4 t\u00ecnh ki\u1ebfm \u0111\u01b0\u1ee3c 1 job th\u1ef1c t\u1eadp QA t\u1ea1i 1 c\u00f4ng ty c\u1ee7a M\u1ef9. L\u00fac \u0111\u00f3 m\u00ecnh c\u0169ng ch\u01b0a h\u00ecnh dung \u0111\u01b0\u1ee3c l\u00e0m QA s\u1ebd l\u00e0m nh\u1eefng g\u00ec. R\u1ea5t may k\u0129 n\u0103ng ti\u1ebfng anh c\u1ee7a m\u00ecnh khi \u0111\u00f3 t\u01b0\u01a1ng \u0111\u1ed1i \u1ed5n n\u00ean m\u00ecnh \u0111\u00e3 \u0111\u01b0\u1ee3c nh\u1eadn v\u00e0o intern \u1edf c\u00f4ng ty \u0111\u00f3.<\/p>\n\n\n\n<p>Ch\u1eadp ch\u1eefng t\u1eeb nh\u1eefng test case \u0111\u1ea7u ti\u00ean, report nh\u1eefng con bug \u0111\u1ea7u ti\u00ean, t\u00e1i hi\u1ec7n bug, c\u00e0i \u0111\u1eb7t m\u00f4i tr\u01b0\u1eddng test&#8230; m\u00ecnh \u0111\u00e3 d\u1ea7n t\u00edch lu\u1ef9 kinh nghi\u1ec7m qua n\u0103m th\u00e1ng. Sau \u0111\u00f3 \u1edf c\u00f4ng ty ti\u1ebfp theo, m\u00ecnh \u0111\u00e3 \u0111\u01b0\u1ee3c trau d\u1ed3i r\u1ea5t nhi\u1ec1u v\u1ec1 quy tr\u00ecnh test, bi\u1ebft th\u1ebf n\u00e0o l\u00e0 Integration, th\u1ebf n\u00e0o l\u00e0 System, l\u00e0 Regression&#8230; V\u00e0 m\u00ecnh ti\u1ebfp t\u1ee5c c\u00f3 c\u01a1 h\u1ed9i \u0111\u01b0\u1ee3c l\u00e0m quen v\u1edbi Test Automation, v\u00e0 ti\u1ebfp sau \u0111\u00f3 l\u00e0 nh\u1eefng v\u1ecb tr\u00ed qu\u1ea3n l\u00fd team nh\u01b0 team lead, team manager&#8230;<\/p>\n\n\n\n<p>M\u00ecnh nh\u1eadn ra r\u1eb1ng, h\u01b0\u1edbng \u0111i n\u00e0o c\u0169ng c\u00f3 c\u01a1 h\u1ed9i \u0111\u1ec3 ph\u00e1t tri\u1ec3n b\u1ea3n th\u00e2n, ch\u1ec9 c\u1ea7n b\u1ea1n th\u1ef1c s\u1ef1 b\u1ecf th\u1eddi gian v\u00e0 c\u00f4ng s\u1ee9c v\u1edbi n\u00f3 m\u00e0 th\u00f4i.<\/p>\n\n\n\n<h2 class=\"wp-block-heading\">V\u1ec1 Elitest.vn<\/h2>\n\n\n\n<p>M\u1ed9t d\u1ef1 \u00e1n m\u00e0 m\u00ecnh \u0111\u00e3 \u1ea5p \u1ee7 t\u1eeb l\u00e2u, m\u1ed9t trang blog chia s\u1ebb ki\u1ebfn th\u1ee9c c\u0169ng nh\u01b0 nh\u1eefng m\u1ea9u chuy\u1ec7n v\u1ee5n v\u1eb7t v\u1ec1 ngh\u1ec1 test &#8211; ngh\u1ec1 v\u1ed1n b\u1ecb xem nh\u1eb9 so v\u1edbi c\u00e1c developer hay l\u00e0 c\u00e1c coder, ngh\u1ec1 m\u00e0 ng\u00e0y x\u01b0a b\u1ecb cho l\u00e0 &#8220;ai m\u00e0 ch\u1eb3ng l\u00e0m \u0111\u01b0\u1ee3c&#8221;\ud83e\udd26\u200d\u2642\ufe0f<\/p>\n\n\n\n<p>Elitest.vn t\u1eadp trung v\u00e0o c\u00e1c ki\u1ebfn th\u1ee9c v\u1ec1 general testing, test automation v\u1edbi c\u00e1c frameworks v\u00e0 tools ph\u1ed5 bi\u1ebfn nh\u01b0 Selenium, Cypress, Robot&#8230; Hy v\u1ecdng s\u1ebd gi\u00fap \u00edch cho c\u00e1c b\u1ea1n, nh\u1eefng ng\u01b0\u1eddi \u0111ang ch\u1eadp ch\u1eefng v\u00e0o ngh\u1ec1 &#8211; hay nh\u1eefng ng\u01b0\u1eddi \u0111\u00e3 c\u00f3 kinh nghi\u1ec7m, mu\u1ed1n t\u00ecm hi\u1ec3u th\u00eam v\u1ec1 nh\u1eefng c\u00f4ng ngh\u1ec7 m\u1edbi, nh\u1eefng ki\u1ebfn th\u1ee9c m\u1edbi&#8230;<\/p>\n\n\n\n<h2 class=\"wp-block-heading\">Donate<\/h2>\n\n\n\n<p>C\u00e1c b\u1ea1n c\u00f3 th\u1ec3 mua cho m\u00ecnh 1 ly cafe n\u1ebfu th\u1ea5y b\u00e0i vi\u1ebft b\u1ed5 \u00edch nh\u00e9. <\/p>\n\n\n\n<figure class=\"wp-block-image size-full is-resized\"><img loading=\"lazy\" decoding=\"async\" width=\"360\" height=\"360\" src=\"https:\/\/elitest.vn\/wp-content\/uploads\/2025\/09\/image.png\" alt=\"\" class=\"wp-image-167\" style=\"width:178px;height:auto\" srcset=\"https:\/\/elitest.vn\/wp-content\/uploads\/2025\/09\/image.png 360w, https:\/\/elitest.vn\/wp-content\/uploads\/2025\/09\/image-300x300.png 300w, https:\/\/elitest.vn\/wp-content\/uploads\/2025\/09\/image-150x150.png 150w\" sizes=\"auto, (max-width: 360px) 100vw, 360px\" \/><\/figure>\n\n\n\n<div class=\"wp-block-group is-vertical is-layout-flex wp-container-core-group-is-layout-8cf370e7 wp-block-group-is-layout-flex\">\n<p>Ng\u00e2n h\u00e0ng Techcombank<\/p>\n\n\n\n<p>T\u00e0i kho\u1ea3n: <strong>3210123456<\/strong><\/p>\n\n\n\n<p>Ch\u1ee7 t\u00e0i kho\u1ea3n: Nguyen Nhat Linh<\/p>\n\n\n\n<p><\/p>\n<\/div>\n","protected":false},"excerpt":{"rendered":"<p>\u0110\u00f4i l\u1eddi gi\u1edbi thi\u1ec7u Xin ch\u00e0o t\u1ea5t c\u1ea3 m\u1ecdi ng\u01b0\u1eddi! M\u00ecnh l\u00e0 Linh Nguy\u1ec5n. Hi\u1ec7n \u0111ang l\u00e0m vi\u1ec7c t\u1ea1i H\u00e0 N\u1ed9i. M\u00ecnh b\u00e9n duy\u00ean v\u1edbi ngh\u1ec1 test m\u1ed9t c\u00e1ch kh\u00e1 t\u00ecnh c\u1edd, v\u00e0o \u0111\u1ea7u nh\u1eefng n\u0103m 2014, giai \u0111o\u1ea1n \u0111\u00f3 m\u00ecnh \u0111ang \u0111i t\u00ecm ch\u1ed7 th\u1ef1c t\u1eadp cho sinh vi\u00ean n\u0103m cu\u1ed1i. Gi\u1ed1ng nh\u01b0 nh\u1eefng [&hellip;]<\/p>\n","protected":false},"author":1,"featured_media":0,"parent":0,"menu_order":5,"comment_status":"closed","ping_status":"closed","template":"","meta":{"footnotes":""},"class_list":["post-3","page","type-page","status-publish","hentry"],"_links":{"self":[{"href":"https:\/\/elitest.vn\/index.php?rest_route=\/wp\/v2\/pages\/3","targetHints":{"allow":["GET"]}}],"collection":[{"href":"https:\/\/elitest.vn\/index.php?rest_route=\/wp\/v2\/pages"}],"about":[{"href":"https:\/\/elitest.vn\/index.php?rest_route=\/wp\/v2\/types\/page"}],"author":[{"embeddable":true,"href":"https:\/\/elitest.vn\/index.php?rest_route=\/wp\/v2\/users\/1"}],"replies":[{"embeddable":true,"href":"https:\/\/elitest.vn\/index.php?rest_route=%2Fwp%2Fv2%2Fcomments&post=3"}],"version-history":[{"count":8,"href":"https:\/\/elitest.vn\/index.php?rest_route=\/wp\/v2\/pages\/3\/revisions"}],"predecessor-version":[{"id":171,"href":"https:\/\/elitest.vn\/index.php?rest_route=\/wp\/v2\/pages\/3\/revisions\/171"}],"wp:attachment":[{"href":"https:\/\/elitest.vn\/index.php?rest_route=%2Fwp%2Fv2%2Fmedia&parent=3"}],"curies":[{"name":"wp","href":"https:\/\/api.w.org\/{rel}","templated":true}]}}